{"id":14,"date":"2021-07-21T00:11:53","date_gmt":"2021-07-20T22:11:53","guid":{"rendered":"https:\/\/a-aviation.de\/neu\/?page_id=14"},"modified":"2025-09-30T13:19:00","modified_gmt":"2025-09-30T11:19:00","slug":"home","status":"publish","type":"page","link":"https:\/\/a-aviation.de\/en\/home\/","title":{"rendered":"Home"},"content":{"rendered":"<h3>We welcome you to our website<\/h3>\t\t\t\n\t\t\t\t<p>With our home base at D\u00fcsseldorf Airport, we offer europe-wide charter flights with Embraer\nPhenom 100 business jets. A unique service concept including in-flight entertainment and first-class catering characterize our offer as well as professional flight operations at the highest level in terms of flexibility and security.<\/p>\n\t\t\t\t<img decoding=\"async\" src=\"https:\/\/a-aviation.de\/neu\/wp-content\/uploads\/2021\/07\/27A9220.jpg\" alt=\"_27A9220\" itemprop=\"image\" title=\"_27A9220\" onerror=\"this.style.display='none'\">\n\t\t\t<h3>Business customers<\/h3>\t\t\t\n\t\t\t\t<p>We are available for you 24 hours a day, 365 days a year.<\/p>\n<p>Ob kurzfristige Gesch\u00e4ftsreisen oder regelm\u00e4\u00dfige Fl\u00fcge zu Firmenstandorten &#8211; wir stehen Ihnen jederzeit zur Verf\u00fcgung, um Sie sicher und zuverl\u00e4ssig an Ihr Ziel zu bringen. An Bord erwartet Sie ein erstklassiger Service und eine professionelle Crew mit vielen tausend Flugstunden Erfahrung. Ob Catering-W\u00fcnsche, Mietwagenbuchungen oder Hotel\u00fcbernachtungen: Wir \u00fcbernehmen die Organisation Ihrer individuellen Reise.<\/p>\n\t\t\t<h3>Private customers<\/h3>\t\t\t\n\t\t\t\t<p>Ob Ski-Urlaub in den Bergen oder Strandurlaub mit der Familie &#8211; wir bringen Sie und Ihre Familie sicher und flexibel an Ihren Urlaubsort. Ihr Zeitplan ist unser Flugplan. Wir richten uns nach Ihnen, damit Sie die sch\u00f6nste Zeit des Jahres unbeschwert genie\u00dfen k\u00f6nnen. Mit aktuellem Inflight-Entertainment (Musik, Filme, Serien, Zeitschriften, etc.) vergeht die Zeit bei uns an Bord wie im Fluge. Damit Sie auch im Urlaub auf nichts verzichten m\u00fcssen, reist Ihr Haustier bei uns an Bord selbstverst\u00e4ndlich kostenfrei mit.<\/p>\n\t\t\t\t<img decoding=\"async\" src=\"https:\/\/a-aviation.de\/neu\/wp-content\/uploads\/2021\/07\/27A9229-Kopie.jpg\" alt=\"_27A9229 Kopie\" itemprop=\"image\" title=\"_27A9229 Kopie\" onerror=\"this.style.display='none'\">","protected":false},"excerpt":{"rendered":"<p>Wir begr\u00fc\u00dfen Sie auf unserer Seite Mit Heimatbasis am Flughafen D\u00fcsseldorf bieten wir europaweite Charterfl\u00fcge mit Gesch\u00e4ftsreiseflugzeugen vom Typ Embraer Phenom 100 an. Ein einzigartiges Servicekonzept inklusive Inflight-Entertainment und First-Class Catering zeichnen unser Angebot ebenso aus wie ein professioneller Flugbetrieb auf h\u00f6chstem Niveau in Bezug auf Flexibilit\u00e4t und Sicherheit. Businesskunden Wir sind 24 h an &hellip;<\/p>\n<p class=\"read-more\"> <a class=\"\" href=\"https:\/\/a-aviation.de\/en\/home\/\"> <span class=\"screen-reader-text\">Home<\/span> Read More \u00bb<\/a><\/p>","protected":false},"author":2,"featured_media":0,"parent":0,"menu_order":0,"comment_status":"closed","ping_status":"closed","template":"","meta":{"site-sidebar-layout":"default","site-content-layout":"default","ast-site-content-layout":"default","site-content-style":"default","site-sidebar-style":"default","ast-global-header-display":"","ast-banner-title-visibility":"","ast-main-header-display":"","ast-hfb-above-header-display":"","ast-hfb-below-header-display":"","ast-hfb-mobile-header-display":"","site-post-title":"disabled","ast-breadcrumbs-content":"","ast-featured-img":"","footer-sml-layout":"","theme-transparent-header-meta":"default","adv-header-id-meta":"","stick-header-meta":"default","header-above-stick-meta":"","header-main-stick-meta":"","header-below-stick-meta":"","astra-migrate-meta-layouts":"set","footnotes":""},"class_list":["post-14","page","type-page","status-publish","hentry"],"yoast_head":"<!-- This site is optimized with the Yoast SEO plugin v23.8 - https:\/\/yoast.com\/wordpress\/plugins\/seo\/ -->\n<title>Home - A-Aviation<\/title>\n<meta name=\"description\" content=\"Mit Heimatbasis am Flughafen D\u00fcsseldorf bieten wir europaweite Charterfl\u00fcge mit Gesch\u00e4ftsreiseflugzeugen vom Typ Embraer Phenom 100 an.\" \/>\n<meta name=\"robots\" content=\"index, follow, max-snippet:-1, max-image-preview:large, max-video-preview:-1\" \/>\n<link rel=\"canonical\" href=\"https:\/\/a-aviation.de\/en\/home\/\" \/>\n<meta property=\"og:locale\" content=\"en_GB\" \/>\n<meta property=\"og:type\" content=\"article\" \/>\n<meta property=\"og:title\" content=\"Home - A-Aviation\" \/>\n<meta property=\"og:description\" content=\"Mit Heimatbasis am Flughafen D\u00fcsseldorf bieten wir europaweite Charterfl\u00fcge mit Gesch\u00e4ftsreiseflugzeugen vom Typ Embraer Phenom 100 an.\" \/>\n<meta property=\"og:url\" content=\"https:\/\/a-aviation.de\/en\/home\/\" \/>\n<meta property=\"og:site_name\" content=\"A-Aviation\" \/>\n<meta property=\"article:modified_time\" content=\"2025-09-30T11:19:00+00:00\" \/>\n<meta property=\"og:image\" content=\"https:\/\/a-aviation.de\/neu\/wp-content\/uploads\/2021\/07\/27A9220.jpg\" \/>\n<meta name=\"twitter:card\" content=\"summary_large_image\" \/>\n<meta name=\"twitter:label1\" content=\"Estimated reading time\" \/>\n\t<meta name=\"twitter:data1\" content=\"3 minutes\" \/>\n<script type=\"application\/ld+json\" class=\"yoast-schema-graph\">{\"@context\":\"https:\/\/schema.org\",\"@graph\":[{\"@type\":\"WebPage\",\"@id\":\"https:\/\/a-aviation.de\/home\/\",\"url\":\"https:\/\/a-aviation.de\/home\/\",\"name\":\"Home - A-Aviation\",\"isPartOf\":{\"@id\":\"https:\/\/a-aviation.de\/en\/#website\"},\"primaryImageOfPage\":{\"@id\":\"https:\/\/a-aviation.de\/home\/#primaryimage\"},\"image\":{\"@id\":\"https:\/\/a-aviation.de\/home\/#primaryimage\"},\"thumbnailUrl\":\"https:\/\/a-aviation.de\/neu\/wp-content\/uploads\/2021\/07\/27A9220.jpg\",\"datePublished\":\"2021-07-20T22:11:53+00:00\",\"dateModified\":\"2025-09-30T11:19:00+00:00\",\"description\":\"Mit Heimatbasis am Flughafen D\u00fcsseldorf bieten wir europaweite Charterfl\u00fcge mit Gesch\u00e4ftsreiseflugzeugen vom Typ Embraer Phenom 100 an.\",\"breadcrumb\":{\"@id\":\"https:\/\/a-aviation.de\/home\/#breadcrumb\"},\"inLanguage\":\"en-GB\",\"potentialAction\":[{\"@type\":\"ReadAction\",\"target\":[\"https:\/\/a-aviation.de\/home\/\"]}]},{\"@type\":\"ImageObject\",\"inLanguage\":\"en-GB\",\"@id\":\"https:\/\/a-aviation.de\/home\/#primaryimage\",\"url\":\"https:\/\/a-aviation.de\/neu\/wp-content\/uploads\/2021\/07\/27A9220.jpg\",\"contentUrl\":\"https:\/\/a-aviation.de\/neu\/wp-content\/uploads\/2021\/07\/27A9220.jpg\"},{\"@type\":\"BreadcrumbList\",\"@id\":\"https:\/\/a-aviation.de\/home\/#breadcrumb\",\"itemListElement\":[{\"@type\":\"ListItem\",\"position\":1,\"name\":\"Startseite\",\"item\":\"https:\/\/a-aviation.de\/\"},{\"@type\":\"ListItem\",\"position\":2,\"name\":\"Home\"}]},{\"@type\":\"WebSite\",\"@id\":\"https:\/\/a-aviation.de\/en\/#website\",\"url\":\"https:\/\/a-aviation.de\/en\/\",\"name\":\"A-Aviation\",\"description\":\"The Jet Experts\",\"potentialAction\":[{\"@type\":\"SearchAction\",\"target\":{\"@type\":\"EntryPoint\",\"urlTemplate\":\"https:\/\/a-aviation.de\/en\/?s={search_term_string}\"},\"query-input\":{\"@type\":\"PropertyValueSpecification\",\"valueRequired\":true,\"valueName\":\"search_term_string\"}}],\"inLanguage\":\"en-GB\"}]}<\/script>\n<!-- \/ Yoast SEO plugin. -->","yoast_head_json":{"title":"Home - A-Aviation","description":"Mit Heimatbasis am Flughafen D\u00fcsseldorf bieten wir europaweite Charterfl\u00fcge mit Gesch\u00e4ftsreiseflugzeugen vom Typ Embraer Phenom 100 an.","robots":{"index":"index","follow":"follow","max-snippet":"max-snippet:-1","max-image-preview":"max-image-preview:large","max-video-preview":"max-video-preview:-1"},"canonical":"https:\/\/a-aviation.de\/en\/home\/","og_locale":"en_GB","og_type":"article","og_title":"Home - A-Aviation","og_description":"Mit Heimatbasis am Flughafen D\u00fcsseldorf bieten wir europaweite Charterfl\u00fcge mit Gesch\u00e4ftsreiseflugzeugen vom Typ Embraer Phenom 100 an.","og_url":"https:\/\/a-aviation.de\/en\/home\/","og_site_name":"A-Aviation","article_modified_time":"2025-09-30T11:19:00+00:00","og_image":[{"url":"https:\/\/a-aviation.de\/neu\/wp-content\/uploads\/2021\/07\/27A9220.jpg"}],"twitter_card":"summary_large_image","twitter_misc":{"Estimated reading time":"3 minutes"},"schema":{"@context":"https:\/\/schema.org","@graph":[{"@type":"WebPage","@id":"https:\/\/a-aviation.de\/home\/","url":"https:\/\/a-aviation.de\/home\/","name":"Home - A-Aviation","isPartOf":{"@id":"https:\/\/a-aviation.de\/en\/#website"},"primaryImageOfPage":{"@id":"https:\/\/a-aviation.de\/home\/#primaryimage"},"image":{"@id":"https:\/\/a-aviation.de\/home\/#primaryimage"},"thumbnailUrl":"https:\/\/a-aviation.de\/neu\/wp-content\/uploads\/2021\/07\/27A9220.jpg","datePublished":"2021-07-20T22:11:53+00:00","dateModified":"2025-09-30T11:19:00+00:00","description":"Mit Heimatbasis am Flughafen D\u00fcsseldorf bieten wir europaweite Charterfl\u00fcge mit Gesch\u00e4ftsreiseflugzeugen vom Typ Embraer Phenom 100 an.","breadcrumb":{"@id":"https:\/\/a-aviation.de\/home\/#breadcrumb"},"inLanguage":"en-GB","potentialAction":[{"@type":"ReadAction","target":["https:\/\/a-aviation.de\/home\/"]}]},{"@type":"ImageObject","inLanguage":"en-GB","@id":"https:\/\/a-aviation.de\/home\/#primaryimage","url":"https:\/\/a-aviation.de\/neu\/wp-content\/uploads\/2021\/07\/27A9220.jpg","contentUrl":"https:\/\/a-aviation.de\/neu\/wp-content\/uploads\/2021\/07\/27A9220.jpg"},{"@type":"BreadcrumbList","@id":"https:\/\/a-aviation.de\/home\/#breadcrumb","itemListElement":[{"@type":"ListItem","position":1,"name":"Startseite","item":"https:\/\/a-aviation.de\/"},{"@type":"ListItem","position":2,"name":"Home"}]},{"@type":"WebSite","@id":"https:\/\/a-aviation.de\/en\/#website","url":"https:\/\/a-aviation.de\/en\/","name":"A-Aviation","description":"The Jet Experts","potentialAction":[{"@type":"SearchAction","target":{"@type":"EntryPoint","urlTemplate":"https:\/\/a-aviation.de\/en\/?s={search_term_string}"},"query-input":{"@type":"PropertyValueSpecification","valueRequired":true,"valueName":"search_term_string"}}],"inLanguage":"en-GB"}]}},"_links":{"self":[{"href":"https:\/\/a-aviation.de\/en\/wp-json\/wp\/v2\/pages\/14","targetHints":{"allow":["GET"]}}],"collection":[{"href":"https:\/\/a-aviation.de\/en\/wp-json\/wp\/v2\/pages"}],"about":[{"href":"https:\/\/a-aviation.de\/en\/wp-json\/wp\/v2\/types\/page"}],"author":[{"embeddable":true,"href":"https:\/\/a-aviation.de\/en\/wp-json\/wp\/v2\/users\/2"}],"replies":[{"embeddable":true,"href":"https:\/\/a-aviation.de\/en\/wp-json\/wp\/v2\/comments?post=14"}],"version-history":[{"count":27,"href":"https:\/\/a-aviation.de\/en\/wp-json\/wp\/v2\/pages\/14\/revisions"}],"predecessor-version":[{"id":247,"href":"https:\/\/a-aviation.de\/en\/wp-json\/wp\/v2\/pages\/14\/revisions\/247"}],"wp:attachment":[{"href":"https:\/\/a-aviation.de\/en\/wp-json\/wp\/v2\/media?parent=14"}],"curies":[{"name":"wp","href":"https:\/\/api.w.org\/{rel}","templated":true}]}}