{"id":67,"date":"2021-07-21T23:23:17","date_gmt":"2021-07-21T21:23:17","guid":{"rendered":"https:\/\/a-aviation.de\/neu\/?page_id=67"},"modified":"2022-10-25T17:09:16","modified_gmt":"2022-10-25T15:09:16","slug":"kontakt","status":"publish","type":"page","link":"https:\/\/a-aviation.de\/en\/kontakt\/","title":{"rendered":"Contact"},"content":{"rendered":"<h3>Contact<\/h3>","protected":false},"excerpt":{"rendered":"<p>Contact<\/p>","protected":false},"author":2,"featured_media":0,"parent":0,"menu_order":0,"comment_status":"closed","ping_status":"closed","template":"","meta":{"site-sidebar-layout":"default","site-content-layout":"default","ast-site-content-layout":"","site-content-style":"default","site-sidebar-style":"default","ast-global-header-display":"","ast-banner-title-visibility":"","ast-main-header-display":"","ast-hfb-above-header-display":"","ast-hfb-below-header-display":"","ast-hfb-mobile-header-display":"","site-post-title":"disabled","ast-breadcrumbs-content":"","ast-featured-img":"","footer-sml-layout":"","theme-transparent-header-meta":"default","adv-header-id-meta":"","stick-header-meta":"default","header-above-stick-meta":"","header-main-stick-meta":"","header-below-stick-meta":"","astra-migrate-meta-layouts":"","footnotes":""},"class_list":["post-67","page","type-page","status-publish","hentry"],"yoast_head":"<!-- This site is optimized with the Yoast SEO plugin v23.8 - https:\/\/yoast.com\/wordpress\/plugins\/seo\/ -->\n<title>Kontakt - A-Aviation<\/title>\n<meta name=\"description\" content=\"Privatfl\u00fcge D\u00fcsseldorf. Wir sind 24 h an 365 Tagen im Jahr f\u00fcr Sie erreichbar.\" \/>\n<meta name=\"robots\" content=\"index, follow, max-snippet:-1, max-image-preview:large, max-video-preview:-1\" \/>\n<link rel=\"canonical\" href=\"https:\/\/a-aviation.de\/en\/kontakt\/\" \/>\n<meta property=\"og:locale\" content=\"en_GB\" \/>\n<meta property=\"og:type\" content=\"article\" \/>\n<meta property=\"og:title\" content=\"Kontakt - A-Aviation\" \/>\n<meta property=\"og:description\" content=\"Privatfl\u00fcge D\u00fcsseldorf. Wir sind 24 h an 365 Tagen im Jahr f\u00fcr Sie erreichbar.\" \/>\n<meta property=\"og:url\" content=\"https:\/\/a-aviation.de\/en\/kontakt\/\" \/>\n<meta property=\"og:site_name\" content=\"A-Aviation\" \/>\n<meta property=\"article:modified_time\" content=\"2022-10-25T15:09:16+00:00\" \/>\n<meta name=\"twitter:card\" content=\"summary_large_image\" \/>\n<meta name=\"twitter:label1\" content=\"Estimated reading time\" \/>\n\t<meta name=\"twitter:data1\" content=\"1 minute\" \/>\n<script type=\"application\/ld+json\" class=\"yoast-schema-graph\">{\"@context\":\"https:\/\/schema.org\",\"@graph\":[{\"@type\":\"WebPage\",\"@id\":\"https:\/\/a-aviation.de\/kontakt\/\",\"url\":\"https:\/\/a-aviation.de\/kontakt\/\",\"name\":\"Kontakt - A-Aviation\",\"isPartOf\":{\"@id\":\"https:\/\/a-aviation.de\/en\/#website\"},\"datePublished\":\"2021-07-21T21:23:17+00:00\",\"dateModified\":\"2022-10-25T15:09:16+00:00\",\"description\":\"Privatfl\u00fcge D\u00fcsseldorf. Wir sind 24 h an 365 Tagen im Jahr f\u00fcr Sie erreichbar.\",\"breadcrumb\":{\"@id\":\"https:\/\/a-aviation.de\/kontakt\/#breadcrumb\"},\"inLanguage\":\"en-GB\",\"potentialAction\":[{\"@type\":\"ReadAction\",\"target\":[\"https:\/\/a-aviation.de\/kontakt\/\"]}]},{\"@type\":\"BreadcrumbList\",\"@id\":\"https:\/\/a-aviation.de\/kontakt\/#breadcrumb\",\"itemListElement\":[{\"@type\":\"ListItem\",\"position\":1,\"name\":\"Startseite\",\"item\":\"https:\/\/a-aviation.de\/\"},{\"@type\":\"ListItem\",\"position\":2,\"name\":\"Kontakt\"}]},{\"@type\":\"WebSite\",\"@id\":\"https:\/\/a-aviation.de\/en\/#website\",\"url\":\"https:\/\/a-aviation.de\/en\/\",\"name\":\"A-Aviation\",\"description\":\"The Jet Experts\",\"potentialAction\":[{\"@type\":\"SearchAction\",\"target\":{\"@type\":\"EntryPoint\",\"urlTemplate\":\"https:\/\/a-aviation.de\/en\/?s={search_term_string}\"},\"query-input\":{\"@type\":\"PropertyValueSpecification\",\"valueRequired\":true,\"valueName\":\"search_term_string\"}}],\"inLanguage\":\"en-GB\"}]}<\/script>\n<!-- \/ Yoast SEO plugin. -->","yoast_head_json":{"title":"Kontakt - A-Aviation","description":"Privatfl\u00fcge D\u00fcsseldorf. Wir sind 24 h an 365 Tagen im Jahr f\u00fcr Sie erreichbar.","robots":{"index":"index","follow":"follow","max-snippet":"max-snippet:-1","max-image-preview":"max-image-preview:large","max-video-preview":"max-video-preview:-1"},"canonical":"https:\/\/a-aviation.de\/en\/kontakt\/","og_locale":"en_GB","og_type":"article","og_title":"Kontakt - A-Aviation","og_description":"Privatfl\u00fcge D\u00fcsseldorf. Wir sind 24 h an 365 Tagen im Jahr f\u00fcr Sie erreichbar.","og_url":"https:\/\/a-aviation.de\/en\/kontakt\/","og_site_name":"A-Aviation","article_modified_time":"2022-10-25T15:09:16+00:00","twitter_card":"summary_large_image","twitter_misc":{"Estimated reading time":"1 minute"},"schema":{"@context":"https:\/\/schema.org","@graph":[{"@type":"WebPage","@id":"https:\/\/a-aviation.de\/kontakt\/","url":"https:\/\/a-aviation.de\/kontakt\/","name":"Kontakt - A-Aviation","isPartOf":{"@id":"https:\/\/a-aviation.de\/en\/#website"},"datePublished":"2021-07-21T21:23:17+00:00","dateModified":"2022-10-25T15:09:16+00:00","description":"Privatfl\u00fcge D\u00fcsseldorf. Wir sind 24 h an 365 Tagen im Jahr f\u00fcr Sie erreichbar.","breadcrumb":{"@id":"https:\/\/a-aviation.de\/kontakt\/#breadcrumb"},"inLanguage":"en-GB","potentialAction":[{"@type":"ReadAction","target":["https:\/\/a-aviation.de\/kontakt\/"]}]},{"@type":"BreadcrumbList","@id":"https:\/\/a-aviation.de\/kontakt\/#breadcrumb","itemListElement":[{"@type":"ListItem","position":1,"name":"Startseite","item":"https:\/\/a-aviation.de\/"},{"@type":"ListItem","position":2,"name":"Kontakt"}]},{"@type":"WebSite","@id":"https:\/\/a-aviation.de\/en\/#website","url":"https:\/\/a-aviation.de\/en\/","name":"A-Aviation","description":"The Jet Experts","potentialAction":[{"@type":"SearchAction","target":{"@type":"EntryPoint","urlTemplate":"https:\/\/a-aviation.de\/en\/?s={search_term_string}"},"query-input":{"@type":"PropertyValueSpecification","valueRequired":true,"valueName":"search_term_string"}}],"inLanguage":"en-GB"}]}},"_links":{"self":[{"href":"https:\/\/a-aviation.de\/en\/wp-json\/wp\/v2\/pages\/67","targetHints":{"allow":["GET"]}}],"collection":[{"href":"https:\/\/a-aviation.de\/en\/wp-json\/wp\/v2\/pages"}],"about":[{"href":"https:\/\/a-aviation.de\/en\/wp-json\/wp\/v2\/types\/page"}],"author":[{"embeddable":true,"href":"https:\/\/a-aviation.de\/en\/wp-json\/wp\/v2\/users\/2"}],"replies":[{"embeddable":true,"href":"https:\/\/a-aviation.de\/en\/wp-json\/wp\/v2\/comments?post=67"}],"version-history":[{"count":13,"href":"https:\/\/a-aviation.de\/en\/wp-json\/wp\/v2\/pages\/67\/revisions"}],"predecessor-version":[{"id":221,"href":"https:\/\/a-aviation.de\/en\/wp-json\/wp\/v2\/pages\/67\/revisions\/221"}],"wp:attachment":[{"href":"https:\/\/a-aviation.de\/en\/wp-json\/wp\/v2\/media?parent=67"}],"curies":[{"name":"wp","href":"https:\/\/api.w.org\/{rel}","templated":true}]}}