{"id":77,"date":"2021-07-21T23:34:55","date_gmt":"2021-07-21T21:34:55","guid":{"rendered":"https:\/\/a-aviation.de\/neu\/?page_id=77"},"modified":"2022-11-04T22:29:37","modified_gmt":"2022-11-04T21:29:37","slug":"ueber-uns","status":"publish","type":"page","link":"https:\/\/a-aviation.de\/en\/ueber-uns\/","title":{"rendered":"About Us"},"content":{"rendered":"<h3>About Us<\/h3>\t\t\t\n\t\t\t\t<p>A-Aviation has been offering its customers business aviation services since 2020. The flight operations began with the purchase of the first aircraft in spring 2021. Our guests have appreciated the quality of our service from the very beginning.<\/p>\n<p>Unser Team blickt auf viele Jahre Erfahrung zur\u00fcck. So sind Sie zu jeder Zeit in den besten H\u00e4nden. Ob bei der Planung, Buchung oder w\u00e4hrend des Fluges &#8211; wir sind stets f\u00fcr Sie da! In allen Belangen rund um Ihre Reisepl\u00e4ne sind unsere Mitarbeiter die richtigen Ansprechpartner und stehen Ihnen 24\/7 per eMail, telefonisch oder per Whatsapp zur Verf\u00fcgung. An Bord unserer Flugzeuge erwarten Sie unsere professionellen Piloten &#8211; jeder von Ihnen blickt auf etliche Flugstunden Erfahrung zur\u00fcck und durchl\u00e4uft neben den gesetzlich geforderten Trainings zus\u00e4tzliche Qualifikationsma\u00dfnahmen, um in jeder Situation sicher und routiniert agieren zu k\u00f6nnen. SAFETY FIRST wird bei A-Aviation gro\u00df geschrieben!<\/p>\n\t\t\t<h3>Our crew<\/h3>\t\t\t\n\t\t\t<h4>Tobias <br>Auf der Springe<\/h4>\n\t\t\t\t<p>After many years as a training captain on long-haul aircraft, the A-Aviation managing director has dedicated himself to business aviation since 2020. The operational management of the company as well as regular flight assignments enable him to keep an eye on all areas and to be able to permanently maintain the high quality standards.<\/p>\n\t\t\t<h4>Helmut <br>Auf der Springe<\/h4>\n\t\t\t\t<p>Helmut Auf der Springe has more than 35 years of experience in business consulting and has also been the managing director of A-Aviation since 2020. He is responsible for the commercial management of the company. His many years of professional experience ensure that the company has an optimal strategic direction for the future.<\/p>","protected":false},"excerpt":{"rendered":"<p>\u00dcber uns Seit 2020 bietet A-Aviation seinen Kunden Dienstleistungen im Bereich der Gesch\u00e4ftsluftfahrt. Mit dem Kauf des ersten Flugzeuges wurde im Fr\u00fchjahr 2021 der operative Flugbetrieb aufgenommen. Seit der ersten Stunde wissen unsere G\u00e4ste die Qualit\u00e4t unseres Services zu sch\u00e4tzen. Unser Team blickt auf viele Jahre Erfahrung zur\u00fcck. So sind Sie zu jeder Zeit in &hellip;<\/p>\n<p class=\"read-more\"> <a class=\"\" href=\"https:\/\/a-aviation.de\/en\/ueber-uns\/\"> <span class=\"screen-reader-text\">About Us<\/span> Read More \u00bb<\/a><\/p>","protected":false},"author":2,"featured_media":0,"parent":0,"menu_order":0,"comment_status":"closed","ping_status":"closed","template":"","meta":{"site-sidebar-layout":"default","site-content-layout":"default","ast-site-content-layout":"","site-content-style":"default","site-sidebar-style":"default","ast-global-header-display":"","ast-banner-title-visibility":"","ast-main-header-display":"","ast-hfb-above-header-display":"","ast-hfb-below-header-display":"","ast-hfb-mobile-header-display":"","site-post-title":"disabled","ast-breadcrumbs-content":"","ast-featured-img":"","footer-sml-layout":"","theme-transparent-header-meta":"default","adv-header-id-meta":"","stick-header-meta":"default","header-above-stick-meta":"","header-main-stick-meta":"","header-below-stick-meta":"","astra-migrate-meta-layouts":"","footnotes":""},"class_list":["post-77","page","type-page","status-publish","hentry"],"yoast_head":"<!-- This site is optimized with the Yoast SEO plugin v23.8 - https:\/\/yoast.com\/wordpress\/plugins\/seo\/ -->\n<title>\u00dcber uns - A-Aviation<\/title>\n<meta name=\"description\" content=\"Tobias Auf der Springe. Seit 2020 bietet A-Aviation seinen Kunden Dienstleistungen im Bereich der Gesch\u00e4ftsluftfahrt.\" \/>\n<meta name=\"robots\" content=\"index, follow, max-snippet:-1, max-image-preview:large, max-video-preview:-1\" \/>\n<link rel=\"canonical\" href=\"https:\/\/a-aviation.de\/en\/ueber-uns\/\" \/>\n<meta property=\"og:locale\" content=\"en_GB\" \/>\n<meta property=\"og:type\" content=\"article\" \/>\n<meta property=\"og:title\" content=\"\u00dcber uns - A-Aviation\" \/>\n<meta property=\"og:description\" content=\"Tobias Auf der Springe. Seit 2020 bietet A-Aviation seinen Kunden Dienstleistungen im Bereich der Gesch\u00e4ftsluftfahrt.\" \/>\n<meta property=\"og:url\" content=\"https:\/\/a-aviation.de\/en\/ueber-uns\/\" \/>\n<meta property=\"og:site_name\" content=\"A-Aviation\" \/>\n<meta property=\"article:modified_time\" content=\"2022-11-04T21:29:37+00:00\" \/>\n<meta name=\"twitter:card\" content=\"summary_large_image\" \/>\n<meta name=\"twitter:label1\" content=\"Estimated reading time\" \/>\n\t<meta name=\"twitter:data1\" content=\"2 minutes\" \/>\n<script type=\"application\/ld+json\" class=\"yoast-schema-graph\">{\"@context\":\"https:\/\/schema.org\",\"@graph\":[{\"@type\":\"WebPage\",\"@id\":\"https:\/\/a-aviation.de\/ueber-uns\/\",\"url\":\"https:\/\/a-aviation.de\/ueber-uns\/\",\"name\":\"\u00dcber uns - A-Aviation\",\"isPartOf\":{\"@id\":\"https:\/\/a-aviation.de\/en\/#website\"},\"datePublished\":\"2021-07-21T21:34:55+00:00\",\"dateModified\":\"2022-11-04T21:29:37+00:00\",\"description\":\"Tobias Auf der Springe. Seit 2020 bietet A-Aviation seinen Kunden Dienstleistungen im Bereich der Gesch\u00e4ftsluftfahrt.\",\"breadcrumb\":{\"@id\":\"https:\/\/a-aviation.de\/ueber-uns\/#breadcrumb\"},\"inLanguage\":\"en-GB\",\"potentialAction\":[{\"@type\":\"ReadAction\",\"target\":[\"https:\/\/a-aviation.de\/ueber-uns\/\"]}]},{\"@type\":\"BreadcrumbList\",\"@id\":\"https:\/\/a-aviation.de\/ueber-uns\/#breadcrumb\",\"itemListElement\":[{\"@type\":\"ListItem\",\"position\":1,\"name\":\"Startseite\",\"item\":\"https:\/\/a-aviation.de\/\"},{\"@type\":\"ListItem\",\"position\":2,\"name\":\"\u00dcber uns\"}]},{\"@type\":\"WebSite\",\"@id\":\"https:\/\/a-aviation.de\/en\/#website\",\"url\":\"https:\/\/a-aviation.de\/en\/\",\"name\":\"A-Aviation\",\"description\":\"The Jet Experts\",\"potentialAction\":[{\"@type\":\"SearchAction\",\"target\":{\"@type\":\"EntryPoint\",\"urlTemplate\":\"https:\/\/a-aviation.de\/en\/?s={search_term_string}\"},\"query-input\":{\"@type\":\"PropertyValueSpecification\",\"valueRequired\":true,\"valueName\":\"search_term_string\"}}],\"inLanguage\":\"en-GB\"}]}<\/script>\n<!-- \/ Yoast SEO plugin. -->","yoast_head_json":{"title":"\u00dcber uns - A-Aviation","description":"Tobias Auf der Springe. Seit 2020 bietet A-Aviation seinen Kunden Dienstleistungen im Bereich der Gesch\u00e4ftsluftfahrt.","robots":{"index":"index","follow":"follow","max-snippet":"max-snippet:-1","max-image-preview":"max-image-preview:large","max-video-preview":"max-video-preview:-1"},"canonical":"https:\/\/a-aviation.de\/en\/ueber-uns\/","og_locale":"en_GB","og_type":"article","og_title":"\u00dcber uns - A-Aviation","og_description":"Tobias Auf der Springe. Seit 2020 bietet A-Aviation seinen Kunden Dienstleistungen im Bereich der Gesch\u00e4ftsluftfahrt.","og_url":"https:\/\/a-aviation.de\/en\/ueber-uns\/","og_site_name":"A-Aviation","article_modified_time":"2022-11-04T21:29:37+00:00","twitter_card":"summary_large_image","twitter_misc":{"Estimated reading time":"2 minutes"},"schema":{"@context":"https:\/\/schema.org","@graph":[{"@type":"WebPage","@id":"https:\/\/a-aviation.de\/ueber-uns\/","url":"https:\/\/a-aviation.de\/ueber-uns\/","name":"\u00dcber uns - A-Aviation","isPartOf":{"@id":"https:\/\/a-aviation.de\/en\/#website"},"datePublished":"2021-07-21T21:34:55+00:00","dateModified":"2022-11-04T21:29:37+00:00","description":"Tobias Auf der Springe. Seit 2020 bietet A-Aviation seinen Kunden Dienstleistungen im Bereich der Gesch\u00e4ftsluftfahrt.","breadcrumb":{"@id":"https:\/\/a-aviation.de\/ueber-uns\/#breadcrumb"},"inLanguage":"en-GB","potentialAction":[{"@type":"ReadAction","target":["https:\/\/a-aviation.de\/ueber-uns\/"]}]},{"@type":"BreadcrumbList","@id":"https:\/\/a-aviation.de\/ueber-uns\/#breadcrumb","itemListElement":[{"@type":"ListItem","position":1,"name":"Startseite","item":"https:\/\/a-aviation.de\/"},{"@type":"ListItem","position":2,"name":"\u00dcber uns"}]},{"@type":"WebSite","@id":"https:\/\/a-aviation.de\/en\/#website","url":"https:\/\/a-aviation.de\/en\/","name":"A-Aviation","description":"The Jet Experts","potentialAction":[{"@type":"SearchAction","target":{"@type":"EntryPoint","urlTemplate":"https:\/\/a-aviation.de\/en\/?s={search_term_string}"},"query-input":{"@type":"PropertyValueSpecification","valueRequired":true,"valueName":"search_term_string"}}],"inLanguage":"en-GB"}]}},"_links":{"self":[{"href":"https:\/\/a-aviation.de\/en\/wp-json\/wp\/v2\/pages\/77","targetHints":{"allow":["GET"]}}],"collection":[{"href":"https:\/\/a-aviation.de\/en\/wp-json\/wp\/v2\/pages"}],"about":[{"href":"https:\/\/a-aviation.de\/en\/wp-json\/wp\/v2\/types\/page"}],"author":[{"embeddable":true,"href":"https:\/\/a-aviation.de\/en\/wp-json\/wp\/v2\/users\/2"}],"replies":[{"embeddable":true,"href":"https:\/\/a-aviation.de\/en\/wp-json\/wp\/v2\/comments?post=77"}],"version-history":[{"count":24,"href":"https:\/\/a-aviation.de\/en\/wp-json\/wp\/v2\/pages\/77\/revisions"}],"predecessor-version":[{"id":227,"href":"https:\/\/a-aviation.de\/en\/wp-json\/wp\/v2\/pages\/77\/revisions\/227"}],"wp:attachment":[{"href":"https:\/\/a-aviation.de\/en\/wp-json\/wp\/v2\/media?parent=77"}],"curies":[{"name":"wp","href":"https:\/\/api.w.org\/{rel}","templated":true}]}}