{"id":87,"date":"2021-07-23T00:54:18","date_gmt":"2021-07-22T22:54:18","guid":{"rendered":"https:\/\/a-aviation.de\/neu\/?page_id=87"},"modified":"2021-08-23T11:59:22","modified_gmt":"2021-08-23T09:59:22","slug":"datenschutz","status":"publish","type":"page","link":"https:\/\/a-aviation.de\/en\/datenschutz\/","title":{"rendered":"Data protection"},"content":{"rendered":"<h3>Data protection<\/h3>\t\t\t\n\t\t\t\t<p>General notice and mandatory information<br \/>Designation of the responsible authority<br \/>The responsible authority for data processing on this website is:<\/p>\n<p>A-Aviation GmbH<br \/>Fontanestra\u00dfe 7<br \/>46514 Schermbeck<\/p>\n<p>The responsible authority decides alone or jointly with others on the purposes and means of processing personal data (e.g. names, contact details, etc.).<\/p>\n\n<p>Some data processing operations are only possible with your express consent. You can revoke your already given consent at any time. An informal e-mail notification is sufficient for the revocation. The legality of the data processing carried out before the revocation remains unaffected by the revocation.<\/p>\n\n<p class=\" translation-block\">In the event of a breach of data protection law, you as the person concerned have the right to lodge a complaint with the competent supervisory authority. The competent supervisory authority with regard to data protection issues is the state data protection officer of the federal state in which our company is located. The following link contains a list of data protection officers and their contact details:\n<a href=\"https:\/\/www.bfdi.bund.de\/DE\/Infothek\/Anschriften_Links\/anschriften_links-node.html\" target=\"_self\">https:\/\/www.bfdi.bund.de\/DE\/Infothek\/Anschriften_Links\/anschriften_links-node.html<\/a>.<\/p>\n\n<p>You have the right to have data that we process automatically on the basis of your consent or in fulfillment of a contract handed over to you or to third parties. The provision is made in a machine-readable format. If you request the direct transfer of the data to another person responsible, this will only be done if it is technically feasible.<\/p>\n\n<p>Within the framework of the applicable legal provisions, you have the right to free information about your stored personal data, the origin of the data, their recipients and the purpose of the data processing and, if necessary, the right to correct, block or delete this data. You can contact us at any time about these and other questions on the subject of personal data using the contact options listed in the imprint.<\/p>\n\n<p>Aus Gr\u00fcnden der Sicherheit und zum Schutz der \u00dcbertragung vertraulicher Inhalte, die Sie an uns als Seitenbetreiber senden, nutzt unsere Website eine SSL-bzw. TLS-Verschl\u00fcsselung. Dadurch sind Daten, die Sie \u00fcber diese Website \u00fcbermitteln, f\u00fcr Dritte nicht mitlesbar. Sie erkennen eine verschl\u00fcsselte Verbindung an der \u201ehttps:\/\/&#8220; Adresszeile Ihres Browsers und am Schloss-Symbol in der Browserzeile.<\/p>\n\n<p>The website provider automatically collects and stores information that your browser automatically transmits to us in server log files. These are:<\/p>\n<ul>\n<li>Browser type and browser version<\/li>\n<li>Operating system used<\/li>\n<li>Referrer URL<\/li>\n<li>Host name of the accessing computer<\/li>\n<li>Time of the server request<\/li>\n<li>IP address<\/li>\n<\/ul>\n<p>There is no merging of this data with other data sources. The basis for data processing is Article 6 (1) (b) GDPR, which allows the processing of data for the fulfillment of a contract or pre-contractual measures.<\/p>\n\n<p>You can register on our website to use certain functions. The transmitted data are used exclusively for the purpose of using the respective offer or service. Mandatory information requested during registration must be given in full. Otherwise we will refuse the registration.<\/p>\n<p>In the event of important changes, e.g. for technical reasons, we will inform you by email. The e-mail will be sent to the address that was given during registration.<\/p>\n<p>The processing of the data entered during registration is based on your consent (Art. 6 Para. 1 lit. a GDPR). You can revoke your already given consent at any time. An informal e-mail notification is sufficient for the revocation. The legality of the data processing that has already taken place remains unaffected by the revocation.<\/p>\n<p>We store the data collected during registration for the period that you are registered on our website. Your data will be deleted if you cancel your registration. Statutory retention periods remain unaffected.<\/p>\n\n<p>Data transmitted via the contact form, including your contact details, will be stored in order to be able to process your request or to be available for follow-up questions. This data will not be passed on without your consent.<\/p>\n<p>The processing of the data entered in the contact form takes place exclusively on the basis of your consent (Art. 6 Para. 1 lit. a GDPR). You can revoke your already given consent at any time. An informal e-mail notification is sufficient for the revocation. The legality of the data processing operations carried out before the revocation remains unaffected by the revocation.<\/p>\n<p>\u00dcber das Kontaktformular \u00fcbermittelte Daten verbleiben bei uns, bis Sie uns zur L\u00f6schung auffordern, Ihre Einwilligung zur Speicherung widerrufen oder keine Notwendigkeit der Datenspeicherung mehr besteht. Zwingende gesetzliche Bestimmungen &#8211; insbesondere Aufbewahrungsfristen &#8211; bleiben unber\u00fchrt.<\/p>\n\n<p>Our website uses cookies. These are small text files that your web browser saves on your device. Cookies help us to make our offer more user-friendly, more effective and safer.<\/p>\n<p>Einige Cookies sind &#8222;Session-Cookies.&#8220; Solche Cookies werden nach Ende Ihrer Browser-Sitzung von selbst gel\u00f6scht. Hingegen bleiben andere Cookies auf Ihrem Endger\u00e4t bestehen, bis Sie diese selbst l\u00f6schen. Solche Cookies helfen uns, Sie bei R\u00fcckkehr auf unserer Website wiederzuerkennen.<\/p>\n<p>With a modern web browser you can monitor, restrict or prevent the setting of cookies. Many web browsers can be configured so that cookies are automatically deleted when the program is closed. Deactivating cookies can limit the functionality of our website.<\/p>\n<p>The setting of cookies, which are necessary to carry out electronic communication processes or to provide certain functions you want (e.g. shopping cart), is based on Art. 6 Para. 1 lit.f GDPR. As the operator of this website, we have a legitimate interest in storing cookies for the technically error-free and smooth provision of our services. If other cookies are set (e.g. for analysis functions), these will be treated separately in this data protection declaration.<\/p>\n\n<p>Our website uses functions of the web analysis service Google Analytics. The provider of the web analysis service is Google Inc., 1600 Amphitheater Parkway, Mountain View, CA 94043, USA.<\/p>\n<p>Google Analytics verwendet &#8222;Cookies.&#8220; Das sind kleine Textdateien, die Ihr Webbrowser auf Ihrem Endger\u00e4t speichert und eine Analyse der Website-Benutzung erm\u00f6glichen. Mittels Cookie erzeugte Informationen \u00fcber Ihre Benutzung unserer Website werden an einen Server von Google \u00fcbermittelt und dort gespeichert. Server-Standort ist im Regelfall die USA.<\/p>\n<p>Google Analytics cookies are set on the basis of Art. 6 Para. 1 lit.f GDPR. As the operator of this website, we have a legitimate interest in analyzing user behavior in order to optimize our website and, if necessary, advertising.<\/p>\n\n<p>We use Google Analytics in conjunction with the IP anonymization function. It ensures that Google shortens your IP address within member states of the European Union or in other contracting states of the Agreement on the European Economic Area before it is transmitted to the USA. There may be exceptional cases in which Google transmits the full IP address to a server in the USA and abbreviates it there. On our behalf, Google will use this information to evaluate your use of the website, to create reports on website activity and to provide us with other services related to website activity and internet usage. The IP address transmitted by Google Analytics is not merged with other Google data.<\/p>\n\n<p class=\" translation-block\">The setting of cookies by your web browser can be prevented. However, this could limit some functions of our website. You can also prevent the collection of data relating to your website usage including your IP address and subsequent processing by Google. You can do this by downloading and installing the browser plug-in available via the following link: \n<a href=\"https:\/\/tools.google.com\/dlpage\/gaoptout?hl=de\" target=\"_self\">https:\/\/tools.google.com\/dlpage\/gaoptout?hl=de<\/a>.<\/p>\n\n<p>You can prevent Google Analytics from collecting your data by clicking on the following link. An opt-out cookie will be set which prevents the collection of your data on future visits to our website: Deactivate Google Analytics.<\/p>\n<p class=\" translation-block\">You can find details on how user data is handled by Google Analytics in Google's data protection declaration: \n<a href=\"https:\/\/support.google.com\/analytics\/answer\/6004245?hl=de\" target=\"_self\">https:\/\/support.google.com\/analytics\/answer\/6004245?hl=de<\/a>.<\/p>\n\n<p>In order to fully comply with the statutory data protection requirements, we have concluded an order processing contract with Google.<\/p>\n\n<p>Unsere Website verwendet die Funktion &#8222;demografische Merkmale&#8220; von Google Analytics. Mit ihr lassen sich Berichte erstellen, die Aussagen zu Alter, Geschlecht und Interessen der Seitenbesucher enthalten. Diese Daten stammen aus interessenbezogener Werbung von Google sowie aus Besucherdaten von Drittanbietern. Eine Zuordnung der Daten zu einer bestimmten Person ist nicht m\u00f6glich. Sie k\u00f6nnen diese Funktion jederzeit deaktivieren. Dies ist \u00fcber die Anzeigeneinstellungen in Ihrem Google-Konto m\u00f6glich oder indem Sie die Erfassung Ihrer Daten durch Google Analytics, wie im Punkt &#8222;Widerspruch gegen die Datenerfassung&#8220; erl\u00e4utert, generell untersagen.<\/p>","protected":false},"excerpt":{"rendered":"<p>Datenschutz Allgemeiner Hinweis und PflichtinformationenBenennung der verantwortlichen StelleDie verantwortliche Stelle f\u00fcr die Datenverarbeitung auf dieser Website ist: A-Aviation GmbHFontanestra\u00dfe 746514 Schermbeck Die verantwortliche Stelle entscheidet allein oder gemeinsam mit anderen \u00fcber die Zwecke und Mittel der Verarbeitung von personenbezogenen Daten (z.B. Namen, Kontaktdaten o. \u00c4.). Ausschlie\u00dflich mit Ihrer ausdr\u00fccklichen Einwilligung sind einige Vorg\u00e4nge der Datenverarbeitung &hellip;<\/p>\n<p class=\"read-more\"> <a class=\"\" href=\"https:\/\/a-aviation.de\/en\/datenschutz\/\"> <span class=\"screen-reader-text\">Data protection<\/span> Read More \u00bb<\/a><\/p>","protected":false},"author":2,"featured_media":0,"parent":0,"menu_order":0,"comment_status":"closed","ping_status":"closed","template":"","meta":{"site-sidebar-layout":"default","site-content-layout":"default","ast-site-content-layout":"","site-content-style":"default","site-sidebar-style":"default","ast-global-header-display":"","ast-banner-title-visibility":"","ast-main-header-display":"","ast-hfb-above-header-display":"","ast-hfb-below-header-display":"","ast-hfb-mobile-header-display":"","site-post-title":"disabled","ast-breadcrumbs-content":"","ast-featured-img":"","footer-sml-layout":"","theme-transparent-header-meta":"default","adv-header-id-meta":"","stick-header-meta":"default","header-above-stick-meta":"","header-main-stick-meta":"","header-below-stick-meta":"","astra-migrate-meta-layouts":"","footnotes":""},"class_list":["post-87","page","type-page","status-publish","hentry"],"yoast_head":"<!-- This site is optimized with the Yoast SEO plugin v23.8 - https:\/\/yoast.com\/wordpress\/plugins\/seo\/ -->\n<title>Datenschutz - A-Aviation<\/title>\n<meta name=\"robots\" content=\"index, follow, max-snippet:-1, max-image-preview:large, max-video-preview:-1\" \/>\n<link rel=\"canonical\" href=\"https:\/\/a-aviation.de\/en\/datenschutz\/\" \/>\n<meta property=\"og:locale\" content=\"en_GB\" \/>\n<meta property=\"og:type\" content=\"article\" \/>\n<meta property=\"og:title\" content=\"Datenschutz - A-Aviation\" \/>\n<meta property=\"og:description\" content=\"Datenschutz Allgemeiner Hinweis und PflichtinformationenBenennung der verantwortlichen StelleDie verantwortliche Stelle f\u00fcr die Datenverarbeitung auf dieser Website ist: A-Aviation GmbHFontanestra\u00dfe 746514 Schermbeck Die verantwortliche Stelle entscheidet allein oder gemeinsam mit anderen \u00fcber die Zwecke und Mittel der Verarbeitung von personenbezogenen Daten (z.B. Namen, Kontaktdaten o. \u00c4.). Ausschlie\u00dflich mit Ihrer ausdr\u00fccklichen Einwilligung sind einige Vorg\u00e4nge der Datenverarbeitung &hellip; Datenschutz Read More \u00bb\" \/>\n<meta property=\"og:url\" content=\"https:\/\/a-aviation.de\/en\/datenschutz\/\" \/>\n<meta property=\"og:site_name\" content=\"A-Aviation\" \/>\n<meta property=\"article:modified_time\" content=\"2021-08-23T09:59:22+00:00\" \/>\n<meta name=\"twitter:card\" content=\"summary_large_image\" \/>\n<meta name=\"twitter:label1\" content=\"Estimated reading time\" \/>\n\t<meta name=\"twitter:data1\" content=\"7 minutes\" \/>\n<script type=\"application\/ld+json\" class=\"yoast-schema-graph\">{\"@context\":\"https:\/\/schema.org\",\"@graph\":[{\"@type\":\"WebPage\",\"@id\":\"https:\/\/a-aviation.de\/datenschutz\/\",\"url\":\"https:\/\/a-aviation.de\/datenschutz\/\",\"name\":\"Datenschutz - A-Aviation\",\"isPartOf\":{\"@id\":\"https:\/\/a-aviation.de\/en\/#website\"},\"datePublished\":\"2021-07-22T22:54:18+00:00\",\"dateModified\":\"2021-08-23T09:59:22+00:00\",\"breadcrumb\":{\"@id\":\"https:\/\/a-aviation.de\/datenschutz\/#breadcrumb\"},\"inLanguage\":\"en-GB\",\"potentialAction\":[{\"@type\":\"ReadAction\",\"target\":[\"https:\/\/a-aviation.de\/datenschutz\/\"]}]},{\"@type\":\"BreadcrumbList\",\"@id\":\"https:\/\/a-aviation.de\/datenschutz\/#breadcrumb\",\"itemListElement\":[{\"@type\":\"ListItem\",\"position\":1,\"name\":\"Startseite\",\"item\":\"https:\/\/a-aviation.de\/\"},{\"@type\":\"ListItem\",\"position\":2,\"name\":\"Datenschutz\"}]},{\"@type\":\"WebSite\",\"@id\":\"https:\/\/a-aviation.de\/en\/#website\",\"url\":\"https:\/\/a-aviation.de\/en\/\",\"name\":\"A-Aviation\",\"description\":\"The Jet Experts\",\"potentialAction\":[{\"@type\":\"SearchAction\",\"target\":{\"@type\":\"EntryPoint\",\"urlTemplate\":\"https:\/\/a-aviation.de\/en\/?s={search_term_string}\"},\"query-input\":{\"@type\":\"PropertyValueSpecification\",\"valueRequired\":true,\"valueName\":\"search_term_string\"}}],\"inLanguage\":\"en-GB\"}]}<\/script>\n<!-- \/ Yoast SEO plugin. -->","yoast_head_json":{"title":"Datenschutz - A-Aviation","robots":{"index":"index","follow":"follow","max-snippet":"max-snippet:-1","max-image-preview":"max-image-preview:large","max-video-preview":"max-video-preview:-1"},"canonical":"https:\/\/a-aviation.de\/en\/datenschutz\/","og_locale":"en_GB","og_type":"article","og_title":"Datenschutz - A-Aviation","og_description":"Datenschutz Allgemeiner Hinweis und PflichtinformationenBenennung der verantwortlichen StelleDie verantwortliche Stelle f\u00fcr die Datenverarbeitung auf dieser Website ist: A-Aviation GmbHFontanestra\u00dfe 746514 Schermbeck Die verantwortliche Stelle entscheidet allein oder gemeinsam mit anderen \u00fcber die Zwecke und Mittel der Verarbeitung von personenbezogenen Daten (z.B. Namen, Kontaktdaten o. \u00c4.). Ausschlie\u00dflich mit Ihrer ausdr\u00fccklichen Einwilligung sind einige Vorg\u00e4nge der Datenverarbeitung &hellip; Datenschutz Read More \u00bb","og_url":"https:\/\/a-aviation.de\/en\/datenschutz\/","og_site_name":"A-Aviation","article_modified_time":"2021-08-23T09:59:22+00:00","twitter_card":"summary_large_image","twitter_misc":{"Estimated reading time":"7 minutes"},"schema":{"@context":"https:\/\/schema.org","@graph":[{"@type":"WebPage","@id":"https:\/\/a-aviation.de\/datenschutz\/","url":"https:\/\/a-aviation.de\/datenschutz\/","name":"Datenschutz - A-Aviation","isPartOf":{"@id":"https:\/\/a-aviation.de\/en\/#website"},"datePublished":"2021-07-22T22:54:18+00:00","dateModified":"2021-08-23T09:59:22+00:00","breadcrumb":{"@id":"https:\/\/a-aviation.de\/datenschutz\/#breadcrumb"},"inLanguage":"en-GB","potentialAction":[{"@type":"ReadAction","target":["https:\/\/a-aviation.de\/datenschutz\/"]}]},{"@type":"BreadcrumbList","@id":"https:\/\/a-aviation.de\/datenschutz\/#breadcrumb","itemListElement":[{"@type":"ListItem","position":1,"name":"Startseite","item":"https:\/\/a-aviation.de\/"},{"@type":"ListItem","position":2,"name":"Datenschutz"}]},{"@type":"WebSite","@id":"https:\/\/a-aviation.de\/en\/#website","url":"https:\/\/a-aviation.de\/en\/","name":"A-Aviation","description":"The Jet Experts","potentialAction":[{"@type":"SearchAction","target":{"@type":"EntryPoint","urlTemplate":"https:\/\/a-aviation.de\/en\/?s={search_term_string}"},"query-input":{"@type":"PropertyValueSpecification","valueRequired":true,"valueName":"search_term_string"}}],"inLanguage":"en-GB"}]}},"_links":{"self":[{"href":"https:\/\/a-aviation.de\/en\/wp-json\/wp\/v2\/pages\/87","targetHints":{"allow":["GET"]}}],"collection":[{"href":"https:\/\/a-aviation.de\/en\/wp-json\/wp\/v2\/pages"}],"about":[{"href":"https:\/\/a-aviation.de\/en\/wp-json\/wp\/v2\/types\/page"}],"author":[{"embeddable":true,"href":"https:\/\/a-aviation.de\/en\/wp-json\/wp\/v2\/users\/2"}],"replies":[{"embeddable":true,"href":"https:\/\/a-aviation.de\/en\/wp-json\/wp\/v2\/comments?post=87"}],"version-history":[{"count":8,"href":"https:\/\/a-aviation.de\/en\/wp-json\/wp\/v2\/pages\/87\/revisions"}],"predecessor-version":[{"id":192,"href":"https:\/\/a-aviation.de\/en\/wp-json\/wp\/v2\/pages\/87\/revisions\/192"}],"wp:attachment":[{"href":"https:\/\/a-aviation.de\/en\/wp-json\/wp\/v2\/media?parent=87"}],"curies":[{"name":"wp","href":"https:\/\/api.w.org\/{rel}","templated":true}]}}